{"id":5777,"date":"2020-04-21T21:32:34","date_gmt":"2020-04-21T19:32:34","guid":{"rendered":"https:\/\/eufisa.com\/?page_id=5777"},"modified":"2025-01-27T15:34:16","modified_gmt":"2025-01-27T14:34:16","slug":"services-bancaires","status":"publish","type":"page","link":"https:\/\/eurofinancial.fr\/index.php\/services-bancaires\/","title":{"rendered":"Services bancaires"},"content":{"rendered":"\t\t<div data-elementor-type=\"wp-page\" data-elementor-id=\"5777\" class=\"elementor elementor-5777\">\n\t\t\t\t\t\t<section class=\"elementor-section elementor-top-section elementor-element elementor-element-19bb5713 elementor-section-full_width elementor-section-height-default elementor-section-height-default\" data-id=\"19bb5713\" data-element_type=\"section\" data-settings=\"{&quot;background_background&quot;:&quot;classic&quot;}\">\n\t\t\t\t\t\t\t<div class=\"elementor-background-overlay\"><\/div>\n\t\t\t\t\t\t\t<div class=\"elementor-container elementor-column-gap-default\">\n\t\t\t\t\t<div class=\"elementor-column elementor-col-100 elementor-top-column elementor-element elementor-element-5226512c\" data-id=\"5226512c\" data-element_type=\"column\">\n\t\t\t<div class=\"elementor-widget-wrap elementor-element-populated\">\n\t\t\t\t\t\t<section class=\"elementor-section elementor-inner-section elementor-element elementor-element-78e493bc elementor-section-boxed elementor-section-height-default elementor-section-height-default\" data-id=\"78e493bc\" data-element_type=\"section\">\n\t\t\t\t\t\t<div class=\"elementor-container elementor-column-gap-default\">\n\t\t\t\t\t<div class=\"elementor-column elementor-col-100 elementor-inner-column elementor-element elementor-element-1a00ce82\" data-id=\"1a00ce82\" data-element_type=\"column\" data-settings=\"{&quot;background_background&quot;:&quot;classic&quot;}\">\n\t\t\t<div class=\"elementor-widget-wrap elementor-element-populated\">\n\t\t\t\t\t\t<div class=\"elementor-element elementor-element-3923a75c elementor-invisible elementor-widget elementor-widget-heading\" data-id=\"3923a75c\" data-element_type=\"widget\" data-settings=\"{&quot;_animation&quot;:&quot;fadeInRight&quot;}\" data-widget_type=\"heading.default\">\n\t\t\t\t<div class=\"elementor-widget-container\">\n\t\t\t\t\t<h2 class=\"elementor-heading-title elementor-size-default\"><b>Nos Services bancaires pour vous<\/b><\/h2>\t\t\t\t<\/div>\n\t\t\t\t<\/div>\n\t\t\t\t<div class=\"elementor-element elementor-element-5e3e7031 elementor-widget elementor-widget-text-editor\" data-id=\"5e3e7031\" data-element_type=\"widget\" data-widget_type=\"text-editor.default\">\n\t\t\t\t<div class=\"elementor-widget-container\">\n\t\t\t\t\t\t\t\t\t<p style=\"text-align: center;\"><span style=\"color: #000000;\">Les atouts du compte courant <b>European Financial\u00a0<\/b><\/span><br \/><span style=\"color: #000000;\">Pilotez vos finances en toute autonomie<\/span><br \/><span style=\"color: #000000;\">Votre compte est totalement connect\u00e9 et vos op\u00e9rations sont r\u00e9alisables 100% en ligne<\/span><\/p><p style=\"text-align: center;\"><span style=\"color: #000000;\">Demande de modification de votre autorisation de d\u00e9couvert et gestion des plafonds de votre carte bancaire<\/span><br \/><span style=\"color: #000000;\">Commande des ch\u00e9quiers<\/span><br \/><span style=\"color: #000000;\">Bordereaux de remise de ch\u00e8ques pr\u00e9-remplis, B Check pour num\u00e9riser vos ch\u00e8ques<\/span><br \/><span style=\"color: #000000;\">Espace de gestion des pr\u00e9l\u00e8vements,<\/span><br \/><span style=\"color: #000000;\">Virements en quelques clics<\/span><br \/><span style=\"color: #000000;\">Vous disposez \u00e9galement d\u2019une application mobile compl\u00e8te et perfectionn\u00e9e<\/span><\/p><p style=\"text-align: center;\"><span style=\"color: #000000;\">Au sein de votre Espace Client, le pilotage de vos finances personnelles est assist\u00e9 gr\u00e2ce \u00e0 une analyse automatique et intelligente de vos op\u00e9rations<\/span><\/p><p style=\"text-align: center;\"><span style=\"color: #000000;\">Intuitive : une cat\u00e9gorisation automatique de vos recettes et d\u00e9penses, une recherche simplifi\u00e9e<\/span><br \/><span style=\"color: #000000;\">Ergonomique : des vues graphiques et dynamiques de vos comptes, la visualisation des op\u00e9rations \u00e0 venir<\/span><br \/><span style=\"color: #000000;\">Personnalisable : une cat\u00e9gorisation des op\u00e9rations selon vos pr\u00e9f\u00e9rences, des alertes param\u00e9trables<\/span><\/p>\t\t\t\t\t\t\t\t<\/div>\n\t\t\t\t<\/div>\n\t\t\t\t<div class=\"elementor-element elementor-element-3c65b4b elementor-align-center elementor-invisible elementor-widget elementor-widget-button\" data-id=\"3c65b4b\" data-element_type=\"widget\" data-settings=\"{&quot;_animation&quot;:&quot;fadeInRight&quot;}\" data-widget_type=\"button.default\">\n\t\t\t\t<div class=\"elementor-widget-container\">\n\t\t\t\t\t\t\t\t\t<div class=\"elementor-button-wrapper\">\n\t\t\t\t\t<a class=\"elementor-button elementor-button-link elementor-size-sm\" href=\"https:\/\/eurofinancial.fr\/index.php\/bank-account\/\">\n\t\t\t\t\t\t<span class=\"elementor-button-content-wrapper\">\n\t\t\t\t\t\t<span class=\"elementor-button-icon\">\n\t\t\t\t\t\t\t<\/span>\n\t\t\t\t\t\t\t\t\t<span class=\"elementor-button-text\">Ouvrez votre compte bancaire<\/span>\n\t\t\t\t\t<\/span>\n\t\t\t\t\t<\/a>\n\t\t\t\t<\/div>\n\t\t\t\t\t\t\t\t<\/div>\n\t\t\t\t<\/div>\n\t\t\t\t\t<\/div>\n\t\t<\/div>\n\t\t\t\t\t<\/div>\n\t\t<\/section>\n\t\t\t\t\t<\/div>\n\t\t<\/div>\n\t\t\t\t\t<\/div>\n\t\t<\/section>\n\t\t\t\t<section class=\"elementor-section elementor-top-section elementor-element elementor-element-5c70946a elementor-section-full_width elementor-section-height-default elementor-section-height-default\" data-id=\"5c70946a\" data-element_type=\"section\" data-settings=\"{&quot;background_background&quot;:&quot;classic&quot;}\">\n\t\t\t\t\t\t\t<div class=\"elementor-background-overlay\"><\/div>\n\t\t\t\t\t\t\t<div class=\"elementor-container elementor-column-gap-default\">\n\t\t\t\t\t<div class=\"elementor-column elementor-col-100 elementor-top-column elementor-element elementor-element-8dba932\" data-id=\"8dba932\" data-element_type=\"column\">\n\t\t\t<div class=\"elementor-widget-wrap elementor-element-populated\">\n\t\t\t\t\t\t<section class=\"elementor-section elementor-inner-section elementor-element elementor-element-7ae2b5d5 elementor-section-boxed elementor-section-height-default elementor-section-height-default\" data-id=\"7ae2b5d5\" data-element_type=\"section\">\n\t\t\t\t\t\t<div class=\"elementor-container elementor-column-gap-default\">\n\t\t\t\t\t<div class=\"elementor-column elementor-col-100 elementor-inner-column elementor-element elementor-element-5e14a2a9\" data-id=\"5e14a2a9\" data-element_type=\"column\" data-settings=\"{&quot;background_background&quot;:&quot;classic&quot;}\">\n\t\t\t<div class=\"elementor-widget-wrap elementor-element-populated\">\n\t\t\t\t\t\t<div class=\"elementor-element elementor-element-5c51cf8d elementor-invisible elementor-widget elementor-widget-heading\" data-id=\"5c51cf8d\" data-element_type=\"widget\" data-settings=\"{&quot;_animation&quot;:&quot;fadeInRight&quot;}\" data-widget_type=\"heading.default\">\n\t\t\t\t<div class=\"elementor-widget-container\">\n\t\t\t\t\t<h2 class=\"elementor-heading-title elementor-size-default\"><b>Cat\u00e9gorisez<\/b> vos revenus\net <b>vos d\u00e9penses<\/b><\/h2>\t\t\t\t<\/div>\n\t\t\t\t<\/div>\n\t\t\t\t<div class=\"elementor-element elementor-element-242223d4 elementor-invisible elementor-widget elementor-widget-heading\" data-id=\"242223d4\" data-element_type=\"widget\" data-settings=\"{&quot;_animation&quot;:&quot;fadeInRight&quot;}\" data-widget_type=\"heading.default\">\n\t\t\t\t<div class=\"elementor-widget-container\">\n\t\t\t\t\t<h2 class=\"elementor-heading-title elementor-size-default\">Besoin de v\u00e9rifier que vous n'\u00eates pas f\u00e2ch\u00e9 avec votre budget mensuel ? Visualisez en un clin d'\u0153il la r\u00e9partition de vos revenus et de vos d\u00e9penses.\nVos mouvements bancaires sont automatiquement cat\u00e9goris\u00e9s en fonction du type de d\u00e9penses : restaurant, voyage, courses alimentaires, voiture\u2026<\/h2>\t\t\t\t<\/div>\n\t\t\t\t<\/div>\n\t\t\t\t<div class=\"elementor-element elementor-element-37bb3a01 elementor-invisible elementor-widget elementor-widget-image\" data-id=\"37bb3a01\" data-element_type=\"widget\" data-settings=\"{&quot;_animation&quot;:&quot;fadeInLeft&quot;}\" data-widget_type=\"image.default\">\n\t\t\t\t<div class=\"elementor-widget-container\">\n\t\t\t\t\t\t\t\t\t\t\t\t\t\t\t<img fetchpriority=\"high\" decoding=\"async\" width=\"900\" height=\"600\" src=\"https:\/\/eurofinancial.fr\/wp-content\/uploads\/2015\/12\/service-5.jpg\" class=\"attachment-full size-full wp-image-4808\" alt=\"\" \/>\t\t\t\t\t\t\t\t\t\t\t\t\t\t\t<\/div>\n\t\t\t\t<\/div>\n\t\t\t\t\t<\/div>\n\t\t<\/div>\n\t\t\t\t\t<\/div>\n\t\t<\/section>\n\t\t\t\t\t<\/div>\n\t\t<\/div>\n\t\t\t\t\t<\/div>\n\t\t<\/section>\n\t\t\t\t<\/div>\n\t\t","protected":false},"excerpt":{"rendered":"<p>Nos Services bancaires pour vous Les atouts du compte courant European Financial&nbsp; Pilotez vos finances en toute autonomie Votre compte est totalement connect\u00e9 et vos op\u00e9rations sont r\u00e9alisables 100% en ligne Demande de modification de votre autorisation de d\u00e9couvert et gestion des plafonds de votre carte bancaire Commande des ch\u00e9quiers Bordereaux de remise de ch\u00e8ques [&hellip;]<\/p>\n","protected":false},"author":1,"featured_media":0,"parent":0,"menu_order":0,"comment_status":"closed","ping_status":"closed","template":"","meta":{"footnotes":""},"class_list":["post-5777","page","type-page","status-publish","hentry"],"_links":{"self":[{"href":"https:\/\/eurofinancial.fr\/index.php\/wp-json\/wp\/v2\/pages\/5777","targetHints":{"allow":["GET"]}}],"collection":[{"href":"https:\/\/eurofinancial.fr\/index.php\/wp-json\/wp\/v2\/pages"}],"about":[{"href":"https:\/\/eurofinancial.fr\/index.php\/wp-json\/wp\/v2\/types\/page"}],"author":[{"embeddable":true,"href":"https:\/\/eurofinancial.fr\/index.php\/wp-json\/wp\/v2\/users\/1"}],"replies":[{"embeddable":true,"href":"https:\/\/eurofinancial.fr\/index.php\/wp-json\/wp\/v2\/comments?post=5777"}],"version-history":[{"count":6,"href":"https:\/\/eurofinancial.fr\/index.php\/wp-json\/wp\/v2\/pages\/5777\/revisions"}],"predecessor-version":[{"id":5882,"href":"https:\/\/eurofinancial.fr\/index.php\/wp-json\/wp\/v2\/pages\/5777\/revisions\/5882"}],"wp:attachment":[{"href":"https:\/\/eurofinancial.fr\/index.php\/wp-json\/wp\/v2\/media?parent=5777"}],"curies":[{"name":"wp","href":"https:\/\/api.w.org\/{rel}","templated":true}]}}