{"id":5770,"date":"2020-04-21T21:09:54","date_gmt":"2020-04-21T19:09:54","guid":{"rendered":"https:\/\/eufisa.com\/?page_id=5770"},"modified":"2025-01-27T15:35:16","modified_gmt":"2025-01-27T14:35:16","slug":"bank-digital","status":"publish","type":"page","link":"https:\/\/eurofinancial.fr\/index.php\/bank-digital\/","title":{"rendered":"Bank digital"},"content":{"rendered":"\t\t<div data-elementor-type=\"wp-page\" data-elementor-id=\"5770\" class=\"elementor elementor-5770\">\n\t\t\t\t\t\t<section class=\"elementor-section elementor-top-section elementor-element elementor-element-708c98ff elementor-section-boxed elementor-section-height-default elementor-section-height-default\" data-id=\"708c98ff\" data-element_type=\"section\" data-settings=\"{&quot;background_background&quot;:&quot;classic&quot;}\">\n\t\t\t\t\t\t<div class=\"elementor-container elementor-column-gap-default\">\n\t\t\t\t\t<div class=\"elementor-column elementor-col-33 elementor-top-column elementor-element elementor-element-1217f66a\" data-id=\"1217f66a\" data-element_type=\"column\" data-settings=\"{&quot;background_background&quot;:&quot;classic&quot;}\">\n\t\t\t<div class=\"elementor-widget-wrap elementor-element-populated\">\n\t\t\t\t\t\t<div class=\"elementor-element elementor-element-4542cda2 elementor-widget elementor-widget-text-editor\" data-id=\"4542cda2\" data-element_type=\"widget\" data-widget_type=\"text-editor.default\">\n\t\t\t\t<div class=\"elementor-widget-container\">\n\t\t\t\t\t\t\t\t\t<h5><span style=\"color: #000000;\">Une banque num\u00e9rique<\/span><\/h5><p class=\"elementor-heading-title elementor-size-default\"><span style=\"color: #000000;\">Nous proposons une gamme de produits \u00e9lectroniques de vente au d\u00e9tail vous permettant d\u2019acc\u00e9der facilement et en toute s\u00e9curit\u00e9 \u00e0 vos informations de compte bancaire et d\u2019effectuer des transactions bancaires via notre site Web et votre t\u00e9l\u00e9phone mobile en 1 minute.<\/span><\/p>\t\t\t\t\t\t\t\t<\/div>\n\t\t\t\t<\/div>\n\t\t\t\t<div class=\"elementor-element elementor-element-187d6b31 elementor-widget elementor-widget-button\" data-id=\"187d6b31\" data-element_type=\"widget\" data-widget_type=\"button.default\">\n\t\t\t\t<div class=\"elementor-widget-container\">\n\t\t\t\t\t\t\t\t\t<div class=\"elementor-button-wrapper\">\n\t\t\t\t\t<a class=\"elementor-button elementor-button-link elementor-size-sm\" href=\"https:\/\/eurofinancial.fr\/index.php\/demande-dinfos\/\">\n\t\t\t\t\t\t<span class=\"elementor-button-content-wrapper\">\n\t\t\t\t\t\t\t\t\t<span class=\"elementor-button-text\">Contactez-nous pour en savoir plus<\/span>\n\t\t\t\t\t<\/span>\n\t\t\t\t\t<\/a>\n\t\t\t\t<\/div>\n\t\t\t\t\t\t\t\t<\/div>\n\t\t\t\t<\/div>\n\t\t\t\t\t<\/div>\n\t\t<\/div>\n\t\t\t\t<div class=\"elementor-column elementor-col-66 elementor-top-column elementor-element elementor-element-23647154 elementor-hidden-tablet elementor-hidden-phone\" data-id=\"23647154\" data-element_type=\"column\" data-settings=\"{&quot;background_background&quot;:&quot;classic&quot;}\">\n\t\t\t<div class=\"elementor-widget-wrap\">\n\t\t\t\t\t<div class=\"elementor-background-overlay\"><\/div>\n\t\t\t\t\t\t\t<\/div>\n\t\t<\/div>\n\t\t\t\t\t<\/div>\n\t\t<\/section>\n\t\t\t\t<section class=\"elementor-section elementor-top-section elementor-element elementor-element-50ebac41 elementor-section-boxed elementor-section-height-default elementor-section-height-default\" data-id=\"50ebac41\" data-element_type=\"section\">\n\t\t\t\t\t\t<div class=\"elementor-container elementor-column-gap-default\">\n\t\t\t\t\t<div class=\"elementor-column elementor-col-100 elementor-top-column elementor-element elementor-element-3bc20cd8\" data-id=\"3bc20cd8\" data-element_type=\"column\">\n\t\t\t<div class=\"elementor-widget-wrap elementor-element-populated\">\n\t\t\t\t\t\t<div class=\"elementor-element elementor-element-fd7a047 elementor-widget elementor-widget-heading\" data-id=\"fd7a047\" data-element_type=\"widget\" data-widget_type=\"heading.default\">\n\t\t\t\t<div class=\"elementor-widget-container\">\n\t\t\t\t\t<h2 class=\"elementor-heading-title elementor-size-default\">Nous rendons la vie pratique pour vous n'importe o\u00f9.<\/h2>\t\t\t\t<\/div>\n\t\t\t\t<\/div>\n\t\t\t\t<div class=\"elementor-element elementor-element-6acef0ad elementor-widget elementor-widget-text-editor\" data-id=\"6acef0ad\" data-element_type=\"widget\" data-widget_type=\"text-editor.default\">\n\t\t\t\t<div class=\"elementor-widget-container\">\n\t\t\t\t\t\t\t\t\t<p style=\"text-align: center;\"><span style=\"color: #000000;\">Avec nos services bancaires num\u00e9riques, nous vous offrons la possibilit\u00e9 d\u2019acc\u00e9der \u00e0 votre compte \u00e0 tout moment, n\u2019importe o\u00f9, depuis votre ordinateur portable ou votre smartphone.<\/span><\/p>\t\t\t\t\t\t\t\t<\/div>\n\t\t\t\t<\/div>\n\t\t\t\t\t<\/div>\n\t\t<\/div>\n\t\t\t\t\t<\/div>\n\t\t<\/section>\n\t\t\t\t<\/div>\n\t\t","protected":false},"excerpt":{"rendered":"<p>Une banque num\u00e9rique Nous proposons une gamme de produits \u00e9lectroniques de vente au d\u00e9tail vous permettant d\u2019acc\u00e9der facilement et en toute s\u00e9curit\u00e9 \u00e0 vos informations de compte bancaire et d\u2019effectuer des transactions bancaires via notre site Web et votre t\u00e9l\u00e9phone mobile en 1 minute. Contactez-nous pour en savoir plus Nous rendons la vie pratique pour [&hellip;]<\/p>\n","protected":false},"author":1,"featured_media":0,"parent":0,"menu_order":0,"comment_status":"closed","ping_status":"closed","template":"","meta":{"footnotes":""},"class_list":["post-5770","page","type-page","status-publish","hentry"],"_links":{"self":[{"href":"https:\/\/eurofinancial.fr\/index.php\/wp-json\/wp\/v2\/pages\/5770","targetHints":{"allow":["GET"]}}],"collection":[{"href":"https:\/\/eurofinancial.fr\/index.php\/wp-json\/wp\/v2\/pages"}],"about":[{"href":"https:\/\/eurofinancial.fr\/index.php\/wp-json\/wp\/v2\/types\/page"}],"author":[{"embeddable":true,"href":"https:\/\/eurofinancial.fr\/index.php\/wp-json\/wp\/v2\/users\/1"}],"replies":[{"embeddable":true,"href":"https:\/\/eurofinancial.fr\/index.php\/wp-json\/wp\/v2\/comments?post=5770"}],"version-history":[{"count":7,"href":"https:\/\/eurofinancial.fr\/index.php\/wp-json\/wp\/v2\/pages\/5770\/revisions"}],"predecessor-version":[{"id":5883,"href":"https:\/\/eurofinancial.fr\/index.php\/wp-json\/wp\/v2\/pages\/5770\/revisions\/5883"}],"wp:attachment":[{"href":"https:\/\/eurofinancial.fr\/index.php\/wp-json\/wp\/v2\/media?parent=5770"}],"curies":[{"name":"wp","href":"https:\/\/api.w.org\/{rel}","templated":true}]}}